{"id":68,"date":"2024-03-04T12:52:51","date_gmt":"2024-03-04T11:52:51","guid":{"rendered":"http:\/\/www.addvice.pl\/?page_id=68"},"modified":"2024-03-25T10:35:22","modified_gmt":"2024-03-25T09:35:22","slug":"dariusz-przywara","status":"publish","type":"page","link":"https:\/\/www.addvice.pl\/index.php\/dariusz-przywara\/","title":{"rendered":"Dariusz Przywara"},"content":{"rendered":"\t\t<div data-elementor-type=\"wp-page\" data-elementor-id=\"68\" class=\"elementor elementor-68\" data-elementor-post-type=\"page\">\n\t\t\t\t<div class=\"elementor-element elementor-element-0d2e8e4 e-con-full e-flex e-con e-parent\" data-id=\"0d2e8e4\" data-element_type=\"container\" data-settings=\"{&quot;content_width&quot;:&quot;full&quot;,&quot;background_background&quot;:&quot;classic&quot;}\" data-core-v316-plus=\"true\">\n\t\t\t\t<div class=\"elementor-element elementor-element-aee34b9 elementor-widget elementor-widget-heading\" data-id=\"aee34b9\" data-element_type=\"widget\" data-widget_type=\"heading.default\">\n\t\t\t\t<div class=\"elementor-widget-container\">\n\t\t\t<style>\/*! elementor - v3.19.0 - 07-02-2024 *\/\n.elementor-heading-title{padding:0;margin:0;line-height:1}.elementor-widget-heading .elementor-heading-title[class*=elementor-size-]>a{color:inherit;font-size:inherit;line-height:inherit}.elementor-widget-heading .elementor-heading-title.elementor-size-small{font-size:15px}.elementor-widget-heading .elementor-heading-title.elementor-size-medium{font-size:19px}.elementor-widget-heading .elementor-heading-title.elementor-size-large{font-size:29px}.elementor-widget-heading .elementor-heading-title.elementor-size-xl{font-size:39px}.elementor-widget-heading .elementor-heading-title.elementor-size-xxl{font-size:59px}<\/style><h2 class=\"elementor-heading-title elementor-size-default\">Dariusz Przywara<\/h2>\t\t<\/div>\n\t\t\t\t<\/div>\n\t\t<div class=\"elementor-element elementor-element-f742d73 e-con-full e-flex e-con e-child\" data-id=\"f742d73\" data-element_type=\"container\" data-settings=\"{&quot;content_width&quot;:&quot;full&quot;}\">\n\t\t<div class=\"elementor-element elementor-element-bb0b354 e-con-full e-flex e-con e-child\" data-id=\"bb0b354\" data-element_type=\"container\" data-settings=\"{&quot;content_width&quot;:&quot;full&quot;}\">\n\t\t<div class=\"elementor-element elementor-element-8c3f5dc e-con-full e-flex e-con e-child\" data-id=\"8c3f5dc\" data-element_type=\"container\" data-settings=\"{&quot;content_width&quot;:&quot;full&quot;}\">\n\t\t\t\t<div class=\"elementor-element elementor-element-ef6d18b elementor-widget elementor-widget-text-editor\" data-id=\"ef6d18b\" data-element_type=\"widget\" data-widget_type=\"text-editor.default\">\n\t\t\t\t<div class=\"elementor-widget-container\">\n\t\t\t<style>\/*! elementor - v3.19.0 - 07-02-2024 *\/\n.elementor-widget-text-editor.elementor-drop-cap-view-stacked .elementor-drop-cap{background-color:#69727d;color:#fff}.elementor-widget-text-editor.elementor-drop-cap-view-framed .elementor-drop-cap{color:#69727d;border:3px solid;background-color:transparent}.elementor-widget-text-editor:not(.elementor-drop-cap-view-default) .elementor-drop-cap{margin-top:8px}.elementor-widget-text-editor:not(.elementor-drop-cap-view-default) .elementor-drop-cap-letter{width:1em;height:1em}.elementor-widget-text-editor .elementor-drop-cap{float:left;text-align:center;line-height:1;font-size:50px}.elementor-widget-text-editor .elementor-drop-cap-letter{display:inline-block}<\/style>\t\t\t\t<p style=\"font-weight: 200;\">Sprawuje bezpo\u015bredni nadz\u00f3r merytoryczny nad prac\u0105 Kancelarii,\nAbsolwent studi\u00f3w magisterskich w Akademii Ekonomicznej w Krakowie,\nManager z wieloletnim sta\u017cem zdobytym w mi\u0119dzynarodowym \u015brodowisku bran\u017cy FMCG,\nEkspert z zakresu procesu produkcji wyrob\u00f3w tytoniowych, kontroli jako\u015bci, zarz\u0105dzania produkcj\u0105.\nBieg\u0142y S\u0105dowy w specjalno\u015bci produkcja wyrob\u00f3w tytoniowych, maszyny i urz\u0105dzenia stosowane w procesie przerobu tytoniu, wyrob\u00f3w tytoniowych. \u00a0Od 2017 roku wpisany na list\u0119 bieg\u0142ych przy S\u0105dzie Okr\u0119gowym w Krakowie i S\u0105dzie Okr\u0119gowym w Elbl\u0105gu\nPonad 200 przygotowanych opinii z zakresu produkcji wyrob\u00f3w tytoniowych.<\/p>\n<p style=\"font-weight: 200;\">Fan aktywnego sp\u0119dzania czasu na wodzie, pod \u017caglami i na pojazdach nap\u0119dzanych sil\u0105 w\u0142asnych mi\u0119\u015bni \ud83d\ude0a<\/p>\t\t\t\t\t\t<\/div>\n\t\t\t\t<\/div>\n\t\t\t\t<div class=\"elementor-element elementor-element-f006057 elementor-widget elementor-widget-image\" data-id=\"f006057\" data-element_type=\"widget\" data-widget_type=\"image.default\">\n\t\t\t\t<div class=\"elementor-widget-container\">\n\t\t\t<style>\/*! elementor - v3.19.0 - 07-02-2024 *\/\n.elementor-widget-image{text-align:center}.elementor-widget-image a{display:inline-block}.elementor-widget-image a img[src$=\".svg\"]{width:48px}.elementor-widget-image img{vertical-align:middle;display:inline-block}<\/style>\t\t\t\t\t\t\t\t\t\t<img fetchpriority=\"high\" decoding=\"async\" width=\"1024\" height=\"768\" src=\"https:\/\/www.addvice.pl\/wp-content\/uploads\/2024\/03\/20210516_144047-1024x768.jpg\" class=\"attachment-large size-large wp-image-73\" alt=\"\" srcset=\"https:\/\/www.addvice.pl\/wp-content\/uploads\/2024\/03\/20210516_144047-1024x768.jpg 1024w, https:\/\/www.addvice.pl\/wp-content\/uploads\/2024\/03\/20210516_144047-300x225.jpg 300w, https:\/\/www.addvice.pl\/wp-content\/uploads\/2024\/03\/20210516_144047-768x576.jpg 768w, https:\/\/www.addvice.pl\/wp-content\/uploads\/2024\/03\/20210516_144047-1536x1152.jpg 1536w, https:\/\/www.addvice.pl\/wp-content\/uploads\/2024\/03\/20210516_144047-2048x1536.jpg 2048w\" sizes=\"(max-width: 1024px) 100vw, 1024px\" \/>\t\t\t\t\t\t\t\t\t\t\t\t\t<\/div>\n\t\t\t\t<\/div>\n\t\t\t\t<\/div>\n\t\t<div class=\"elementor-element elementor-element-d911b21 e-con-full e-flex e-con e-child\" data-id=\"d911b21\" data-element_type=\"container\" data-settings=\"{&quot;content_width&quot;:&quot;full&quot;}\">\n\t\t\t\t<div class=\"elementor-element elementor-element-b4e5408 elementor-widget elementor-widget-image\" data-id=\"b4e5408\" data-element_type=\"widget\" data-widget_type=\"image.default\">\n\t\t\t\t<div class=\"elementor-widget-container\">\n\t\t\t\t\t\t\t\t\t\t\t\t\t<img decoding=\"async\" width=\"683\" height=\"1024\" src=\"https:\/\/www.addvice.pl\/wp-content\/uploads\/2024\/03\/WS2A1675_1.jpg\" class=\"attachment-large size-large wp-image-71\" alt=\"\" srcset=\"https:\/\/www.addvice.pl\/wp-content\/uploads\/2024\/03\/WS2A1675_1.jpg 683w, https:\/\/www.addvice.pl\/wp-content\/uploads\/2024\/03\/WS2A1675_1-200x300.jpg 200w\" sizes=\"(max-width: 683px) 100vw, 683px\" \/>\t\t\t\t\t\t\t\t\t\t\t\t\t<\/div>\n\t\t\t\t<\/div>\n\t\t\t\t<\/div>\n\t\t\t\t<\/div>\n\t\t\t\t<\/div>\n\t\t\t\t<\/div>\n\t\t\t\t<\/div>\n\t\t","protected":false},"excerpt":{"rendered":"<p>Dariusz Przywara Sprawuje bezpo\u015bredni nadz\u00f3r merytoryczny nad prac\u0105 Kancelarii, Absolwent studi\u00f3w magisterskich w Akademii Ekonomicznej w Krakowie, Manager z wieloletnim [&hellip;]<\/p>\n","protected":false},"author":1,"featured_media":0,"parent":0,"menu_order":0,"comment_status":"closed","ping_status":"closed","template":"","meta":{"site-sidebar-layout":"no-sidebar","site-content-layout":"","ast-site-content-layout":"full-width-container","site-content-style":"default","site-sidebar-style":"default","ast-global-header-display":"","ast-banner-title-visibility":"","ast-main-header-display":"","ast-hfb-above-header-display":"","ast-hfb-below-header-display":"","ast-hfb-mobile-header-display":"","site-post-title":"disabled","ast-breadcrumbs-content":"","ast-featured-img":"disabled","footer-sml-layout":"","theme-transparent-header-meta":"","adv-header-id-meta":"","stick-header-meta":"","header-above-stick-meta":"","header-main-stick-meta":"","header-below-stick-meta":"","astra-migrate-meta-layouts":"default","ast-page-background-enabled":"default","ast-page-background-meta":{"desktop":{"background-color":"var(--ast-global-color-4)","background-image":"","background-repeat":"repeat","background-position":"center center","background-size":"auto","background-attachment":"scroll","background-type":"","background-media":"","overlay-type":"","overlay-color":"","overlay-gradient":""},"tablet":{"background-color":"","background-image":"","background-repeat":"repeat","background-position":"center center","background-size":"auto","background-attachment":"scroll","background-type":"","background-media":"","overlay-type":"","overlay-color":"","overlay-gradient":""},"mobile":{"background-color":"","background-image":"","background-repeat":"repeat","background-position":"center center","background-size":"auto","background-attachment":"scroll","background-type":"","background-media":"","overlay-type":"","overlay-color":"","overlay-gradient":""}},"ast-content-background-meta":{"desktop":{"background-color":"var(--ast-global-color-5)","background-image":"","background-repeat":"repeat","background-position":"center center","background-size":"auto","background-attachment":"scroll","background-type":"","background-media":"","overlay-type":"","overlay-color":"","overlay-gradient":""},"tablet":{"background-color":"var(--ast-global-color-5)","background-image":"","background-repeat":"repeat","background-position":"center center","background-size":"auto","background-attachment":"scroll","background-type":"","background-media":"","overlay-type":"","overlay-color":"","overlay-gradient":""},"mobile":{"background-color":"var(--ast-global-color-5)","background-image":"","background-repeat":"repeat","background-position":"center center","background-size":"auto","background-attachment":"scroll","background-type":"","background-media":"","overlay-type":"","overlay-color":"","overlay-gradient":""}},"footnotes":""},"class_list":["post-68","page","type-page","status-publish","hentry"],"_links":{"self":[{"href":"https:\/\/www.addvice.pl\/index.php\/wp-json\/wp\/v2\/pages\/68","targetHints":{"allow":["GET"]}}],"collection":[{"href":"https:\/\/www.addvice.pl\/index.php\/wp-json\/wp\/v2\/pages"}],"about":[{"href":"https:\/\/www.addvice.pl\/index.php\/wp-json\/wp\/v2\/types\/page"}],"author":[{"embeddable":true,"href":"https:\/\/www.addvice.pl\/index.php\/wp-json\/wp\/v2\/users\/1"}],"replies":[{"embeddable":true,"href":"https:\/\/www.addvice.pl\/index.php\/wp-json\/wp\/v2\/comments?post=68"}],"version-history":[{"count":8,"href":"https:\/\/www.addvice.pl\/index.php\/wp-json\/wp\/v2\/pages\/68\/revisions"}],"predecessor-version":[{"id":133,"href":"https:\/\/www.addvice.pl\/index.php\/wp-json\/wp\/v2\/pages\/68\/revisions\/133"}],"wp:attachment":[{"href":"https:\/\/www.addvice.pl\/index.php\/wp-json\/wp\/v2\/media?parent=68"}],"curies":[{"name":"wp","href":"https:\/\/api.w.org\/{rel}","templated":true}]}}